






{"id":83,"date":"2013-12-04T17:51:46","date_gmt":"2013-12-04T16:51:46","guid":{"rendered":"http:\/\/eureka-web.ca\/tnc\/?page_id=83"},"modified":"2019-03-21T07:52:49","modified_gmt":"2019-03-21T06:52:49","slug":"programme","status":"publish","type":"page","link":"https:\/\/massotnc.com\/en\/programme\/","title":{"rendered":"Program"},"content":{"rendered":"<p><\/p>\n<div class=\"bulle\">\n<h4>Three steps are proposed:<\/h4>\n<div class=\"bulle\">\n<h3>CONTENU DE LA FORMATION<\/h3>\n<h4>STAGE TNC-1 (3 jours)<\/h4>\n<ul>\n<li>D\u00e9finition et principes g\u00e9n\u00e9raux de la TNC<\/li>\n<li>Une approche neuro-tissulaire de l\u2019ost\u00e9opathie<\/li>\n<li>La peau, organe sensible reli\u00e9e \u00e0 tous les tissus<\/li>\n<li>Unit\u00e9 fonctionnelle entre neuro-spasmes\/d\u00e9s\u00e9quilibres tissulaires\/neuror\u00e9cepteurs cutan\u00e9s<\/li>\n<li>Cinq actions en un soin; ost\u00e9o-articulaire, visc\u00e9rale, myo-fasciale, vasculo-nerveuse, \u00e9nerg\u00e9tique<\/li>\n<li>\u00c9tude des mouvements cutan\u00e9s et du fascia superficialis<\/li>\n<li>Tests sensoriels et palpation<\/li>\n<li>Rep\u00e9rer les zones d\u2019appel des d\u00e9s\u00e9quilibres tissulaires primaires<\/li>\n<li>Lecture des signaux cutan\u00e9s; points neuro-cutan\u00e9s et leurs mouvements<\/li>\n<li>Gestes correcteurs<\/li>\n<li>O\u00f9 et comment agir selon les d\u00e9s\u00e9quilibres<\/li>\n<li>Bilan et corrections tissulaires des diff\u00e9rentes r\u00e9gions du corps: thorax, abdomen, bassin, colonne vert\u00e9brale, cr\u00e2ne, membres sup\u00e9rieurs, membres inf\u00e9rieurs<\/li>\n<\/ul>\n<\/div>\n<div class=\"bulle\">\n<h4>STAGE TNC-2 (3 jours)<\/h4>\n<ul>\n<li>Approfondir les tests palpatoires et les techniques du cours TNC1<\/li>\n<li>\u00c9largir les outils sensoriels pour la recherche des blocages primaires<\/li>\n<li>Analyse et interpr\u00e9tation des messages cutan\u00e9s pour orienter le bilan et le traitement<\/li>\n<li>\u00c9coute sensorielle des mouvements des fascias pour guider la main<\/li>\n<li>Identifier les cha\u00eenes myo-fasciales \u00e0 \u00e9quilibrer en priorit\u00e9<\/li>\n<li>O\u00f9 commencer et o\u00f9 arr\u00eater une fili\u00e8re de traitement<\/li>\n<li>Action locale versus suivre une cha\u00eene myo-fasciale dominante<\/li>\n<li>Comment encha\u00eener les corrections d\u2019une zone \u00e0 l\u2019autre<\/li>\n<li>Le choix de la technique selon la nature du d\u00e9s\u00e9quilibre<\/li>\n<li>\u00c9tude et interpr\u00e9tation des mouvements cutan\u00e9s physiques et \u00e9nerg\u00e9tiques pour distinguer la nature des d\u00e9s\u00e9quilibres<\/li>\n<li>Techniques appropri\u00e9es aux diff\u00e9rentes zones; neuro-tissulaire ou neuro-\u00e9nerg\u00e9tique.<\/li>\n<li>Variantes gestuelles selon les besoins et la nature du d\u00e9s\u00e9quilibre<\/li>\n<li>Pratique et synth\u00e8ses th\u00e9rapeutiques<\/li>\n<\/ul>\n<\/div>\n<div class=\"bulle\">\n<h4>STAGE TNC-3\u00a0<b style=\"line-height: 1.5em;\">(3 jours)<\/b><\/h4>\n<ul>\n<li>Tests et rep\u00e9rages des blocages ost\u00e9o-articulaires primaires<\/li>\n<li>Tests des axes et des mouvements osseux<\/li>\n<li>Rep\u00e9rages des points neuro-cutan\u00e9s relatifs aux blocages articulaires<\/li>\n<li>Manoeuvres neuro-tissulaires adapt\u00e9es aux blocages osseux<\/li>\n<li>Technique approfondie pour fixations ost\u00e9o-articulaires tenaces (technique micro-articulaire)<\/li>\n<li>Tests et corrections des articulations du membre sup\u00e9rieur, du membre inf\u00e9rieur, du bassin, de la colonne vert\u00e9brale et du cr\u00e2ne<\/li>\n<li>\u00c9valuation et v\u00e9rification des comp\u00e9tences en vue d\u2019obtenir la certification.<\/li>\n<\/ul>\n<\/div>\n<div class=\"bulle\">\n<h4>EXIGENCES POUR L&#8217;OBTENTION DU CERTIFICAT DE PRATICIEN EN TNC<\/h4>\n<p>TNC1, TNC2, TNC3<\/p>\n<p>Compl\u00e9ter 30 rapports de stage<\/p>\n<p>R\u00e9ussir avec succ\u00e8s l&#8217;\u00e9valuation du stage TNC3<\/p>\n<\/div>\n<div class=\"bulle\">\n<h4>Cours de perfectionnement th\u00e9matique<\/h4>\n<p>Ces stages ont pour but d\u2019\u00e9largir les champs d\u2019action de la TNC \u00e0 l\u2019ensemble du corps par des outils correctifs compl\u00e9mentaires. Ils s\u2019adaptent \u00e0 l\u2019anatomie, aux diff\u00e9rents tissus et fonctions principales du corps.<br \/>\n\u00c0 chaque th\u00e8me nous \u00e9tudierons en profondeur les meilleures techniques selon les diff\u00e9rents syst\u00e8mes mis en relation dans un traitement global (ost\u00e9o-articulaire, musculaire, visc\u00e9ral, \u00e9nerg\u00e9tique, psycho-\u00e9motionnel&#8230;).<\/p>\n<p>Des variantes du geste correcteur seront adapt\u00e9es aux diff\u00e9rentes structures explor\u00e9es, toujours avec l\u2019objectif d\u2019am\u00e9liorer l\u2019efficacit\u00e9 des soins.<\/p>\n<p>Nous constaterons une fois de plus que la d\u00e9tection et l&#8217;interpr\u00e9tation des tension cutan\u00e9es est le meilleur m\u00e9dium pour faire un bon bilan et corriger les d\u00e9s\u00e9quilibres tissulaires.<\/p>\n<p>Int\u00e9grer ces th\u00e9matiques est un gage de r\u00e9ussite th\u00e9rapeutique tout en favorisant une meilleure compr\u00e9hension des diverses applications de la TNC sur l\u2019ensemble des d\u00e9s\u00e9quilibres corporels rencontr\u00e9s.<\/p>\n<p><strong>Th\u00e9matiques TNC<\/strong><\/p>\n<ul>\n<li>Crochetage des gaines neuro-apon\u00e9vrotiques<\/li>\n<li>Balayage \u00e9nerg\u00e9tique<\/li>\n<li>Points cutan\u00e9s chinois<\/li>\n<li>Psycho-\u00e9motionnel<\/li>\n<li>d&#8217;autres sp\u00e9cialit\u00e9s suivront&#8230;<\/li>\n<\/ul>\n<p>Pour en savoir plus :\u00a0<a href=\"https:\/\/massotnc.com\/perfectionnements\/\">PERFECTIONNEMENTS<\/a><\/p>\n<\/div>\n<div class=\"bulle\"><\/div>\n<\/div>\n<div class=\"bulle\"><\/div>\n<p><\/p>","protected":false},"excerpt":{"rendered":"<\/p>\n<p> Three steps are proposed: CONTENU DE LA FORMATION STAGE TNC-1 (3 jours) D\u00e9finition et principes g\u00e9n\u00e9raux de la TNC Une approche neuro-tissulaire de l\u2019ost\u00e9opathie&#8230;<\/p>\n","protected":false},"author":1,"featured_media":0,"parent":0,"menu_order":12,"comment_status":"closed","ping_status":"closed","template":"","meta":[],"_links":{"self":[{"href":"https:\/\/massotnc.com\/en\/wp-json\/wp\/v2\/pages\/83"}],"collection":[{"href":"https:\/\/massotnc.com\/en\/wp-json\/wp\/v2\/pages"}],"about":[{"href":"https:\/\/massotnc.com\/en\/wp-json\/wp\/v2\/types\/page"}],"author":[{"embeddable":true,"href":"https:\/\/massotnc.com\/en\/wp-json\/wp\/v2\/users\/1"}],"replies":[{"embeddable":true,"href":"https:\/\/massotnc.com\/en\/wp-json\/wp\/v2\/comments?post=83"}],"version-history":[{"count":61,"href":"https:\/\/massotnc.com\/en\/wp-json\/wp\/v2\/pages\/83\/revisions"}],"predecessor-version":[{"id":2838,"href":"https:\/\/massotnc.com\/en\/wp-json\/wp\/v2\/pages\/83\/revisions\/2838"}],"wp:attachment":[{"href":"https:\/\/massotnc.com\/en\/wp-json\/wp\/v2\/media?parent=83"}],"curies":[{"name":"wp","href":"https:\/\/api.w.org\/{rel}","templated":true}]}}