






{"id":577,"date":"2014-09-05T18:30:23","date_gmt":"2014-09-05T17:30:23","guid":{"rendered":"https:\/\/massotnc.com\/?page_id=577"},"modified":"2023-04-28T15:39:57","modified_gmt":"2023-04-28T14:39:57","slug":"formation","status":"publish","type":"page","link":"https:\/\/massotnc.com\/en\/formation\/","title":{"rendered":"Training"},"content":{"rendered":"<p><\/p>\n<div class=\"bulle\">\n<h4><a href=\"https:\/\/massotnc.com\/inscription\/\"><img loading=\"lazy\" class=\"wp-image-1343 alignleft\" src=\"https:\/\/massotnc.com\/wp-content\/uploads\/2014\/09\/formation2-1024x536.jpg\" alt=\"formation massoth\u00e9rapie\" width=\"618\" height=\"323\" srcset=\"https:\/\/massotnc.com\/wp-content\/uploads\/2014\/09\/formation2-1024x536.jpg 1024w, https:\/\/massotnc.com\/wp-content\/uploads\/2014\/09\/formation2-300x157.jpg 300w\" sizes=\"(max-width: 618px) 100vw, 618px\" \/><\/a><\/h4>\n<h4>UNE FORMATION PROFESSIONNELLE UNIQUE<\/h4>\n<p>Vous cherchez une m\u00e9thode de soin haute performance? La TNC, ou technique neuro-cutan\u00e9e, est l\u2019outil id\u00e9al pour venir \u00e0 bout des douleurs articulaires et musculaires.<\/p>\n<p>C\u2019est une approche neuro-tissulaire de l&#8217;ost\u00e9opathie qui vise \u00e0\u00a0r\u00e9tablir l\u2019\u00e9quilibre articulaire, musculaire, circulatoire et \u00e9nerg\u00e9tique en lib\u00e9rant les neuro-spasmes responsables des douleurs.\u00a0Cette technique de soin manuel globale s\u2019adresse, dans un premier temps, \u00e0 l\u2019ensemble des blocages articulaires et myo-fasciaux principalement d\u2019origine biom\u00e9canique. Dans une approche plus avanc\u00e9e, elle int\u00e8gre aussi les dimensions \u00e9nerg\u00e9tiques et psychoaffectives du corps.\u00a0Le toucher est pr\u00e9cis, respectueux, indolore et sans manipulation forc\u00e9e. La TNC, \u00e0 partir de la peau, nous apprend \u00e0 lire et \u00e0 restaurer les d\u00e9sordres de toutes les structures du corps en nous montrant l\u2019endroit o\u00f9 poser le meilleur geste correcteur. La TNC peut \u00eatre employ\u00e9e comme une technique th\u00e9rapeutique globale pr\u00e9ventive ou curative.\u00a0Elle s\u2019adresse \u00e0 tous, du nourrisson aux personnes \u00e2g\u00e9es.<\/p>\n<p>Une formation professionnelle pratique vous est propos\u00e9e dans une formule condens\u00e9e de trois stages intensifs de trois jours. Elle est un compl\u00e9ment exceptionnel \u00e0 tous th\u00e9rapeutes qui d\u00e9sirent \u00eatre plus efficaces.<\/p>\n<p><b>L\u2019enseignement unique et innovateur\u00a0est propos\u00e9 dans une formule pratique condens\u00e9e de trois stages de trois jours :<\/b><\/p>\n<ul>\n<li>Pour tous les th\u00e9rapeutes s\u00e9rieux qui d\u00e9sirent am\u00e9liorer leurs comp\u00e9tences et d\u00e9couvrir une approche diff\u00e9rente.<\/li>\n<li>Pour mieux savoir corriger l\u2019origine des d\u00e9sordres ost\u00e9o-articulaires et musculaires.<\/li>\n<li>Pour savoir soulager rapidement et simplement les douleurs<\/li>\n<li>Pour \u00eatre plus efficace, plus simple et plus rapide dans toutes les situations.<\/li>\n<li>Pour apprendre \u00e0 d\u00e9coder les messages de la peau.<\/li>\n<li>Pour acqu\u00e9rir des outils sensoriels efficaces, garants d\u2019\u00eatre bien guid\u00e9 par les signaux et les ressources du corps.<\/li>\n<li>Pour am\u00e9liorer son bilan. Avant toute correction, un bon th\u00e9rapeute doit avant tout savoir faire un bon bilan !<\/li>\n<\/ul>\n<p><b>ENSEIGNEMENT\u00a0<\/b><\/p>\n<p>L\u2019apprentissage de la TNC est accessible et pratique.\u00a0Le cours se fait en trois stages de trois jours.<\/p>\n<p>Les deux premiers stages (TNC-1 et TNC-2) forment ensemble un cursus menant \u00e0 l\u2019apprentissage de base, et offre au futur praticien une pratique de soin globale.\u00a0Le dernier stage permet d\u2019approfondir les connaissances et d\u2019\u00eatre \u00e9valu\u00e9 en vue d\u2019obtenir le certificat\u00a0<i>PRATICIEN EN TNC<\/i>.<\/p>\n<p>Veuillez consulter le <a href=\"https:\/\/massotnc.com\/programme\/\">PROGRAMME DE FORMATION<\/a><\/p>\n<p>Formation accr\u00e9dit\u00e9e par RITMA et ANQ (125 heures).<\/p>\n<\/div>\n<p><\/p>","protected":false},"excerpt":{"rendered":"<\/p>\n<p> <a href=\"https:\/\/massotnc.com\/inscription\/\"><img loading=\"lazy\" class=\"wp-image-1343 alignleft\" src=\"https:\/\/massotnc.com\/wp-content\/uploads\/2014\/09\/formation2-1024x536.jpg\" alt=\"formation massoth\u00e9rapie\" width=\"618\" height=\"323\" srcset=\"https:\/\/massotnc.com\/wp-content\/uploads\/2014\/09\/formation2-1024x536.jpg 1024w, https:\/\/massotnc.com\/wp-content\/uploads\/2014\/09\/formation2-300x157.jpg 300w\" sizes=\"(max-width: 618px) 100vw, 618px\" \/><\/a> UNE FORMATION PROFESSIONNELLE UNIQUE <\/p>\n<p>Vous&#8230;<\/p>\n","protected":false},"author":1,"featured_media":0,"parent":0,"menu_order":14,"comment_status":"closed","ping_status":"closed","template":"","meta":[],"_links":{"self":[{"href":"https:\/\/massotnc.com\/en\/wp-json\/wp\/v2\/pages\/577"}],"collection":[{"href":"https:\/\/massotnc.com\/en\/wp-json\/wp\/v2\/pages"}],"about":[{"href":"https:\/\/massotnc.com\/en\/wp-json\/wp\/v2\/types\/page"}],"author":[{"embeddable":true,"href":"https:\/\/massotnc.com\/en\/wp-json\/wp\/v2\/users\/1"}],"replies":[{"embeddable":true,"href":"https:\/\/massotnc.com\/en\/wp-json\/wp\/v2\/comments?post=577"}],"version-history":[{"count":58,"href":"https:\/\/massotnc.com\/en\/wp-json\/wp\/v2\/pages\/577\/revisions"}],"predecessor-version":[{"id":4106,"href":"https:\/\/massotnc.com\/en\/wp-json\/wp\/v2\/pages\/577\/revisions\/4106"}],"wp:attachment":[{"href":"https:\/\/massotnc.com\/en\/wp-json\/wp\/v2\/media?parent=577"}],"curies":[{"name":"wp","href":"https:\/\/api.w.org\/{rel}","templated":true}]}}