






{"id":2808,"date":"2017-12-15T15:52:20","date_gmt":"2017-12-15T14:52:20","guid":{"rendered":"https:\/\/massotnc.com\/?page_id=2808"},"modified":"2019-03-21T07:52:49","modified_gmt":"2019-03-21T06:52:49","slug":"programme-cle-en-main-naturotherapeute-specialise-en-tnc","status":"publish","type":"page","link":"https:\/\/massotnc.com\/en\/programme-cle-en-main-naturotherapeute-specialise-en-tnc\/","title":{"rendered":"(Fran\u00e7ais) Programme \u00ab\u00a0cl\u00e9 en main\u00a0\u00bb\u00a0: Naturoth\u00e9rapeute sp\u00e9cialis\u00e9 en TNC"},"content":{"rendered":"<p class=\"qtranxs-available-languages-message qtranxs-available-languages-message-en\">Sorry, this entry is only available in <a href=\"https:\/\/massotnc.com\/fr\/wp-json\/wp\/v2\/pages\/2808\" class=\"qtranxs-available-language-link qtranxs-available-language-link-fr\" title=\"Fran\u00e7ais\">French<\/a>.<\/p>","protected":false},"excerpt":{"rendered":"<p class=\"qtranxs-available-languages-message qtranxs-available-languages-message-en\">Sorry, this entry is only available in <a href=\"https:\/\/massotnc.com\/fr\/wp-json\/wp\/v2\/pages\/2808\" class=\"qtranxs-available-language-link qtranxs-available-language-link-fr\" title=\"Fran\u00e7ais\">French<\/a>.<\/p>\n","protected":false},"author":7,"featured_media":0,"parent":0,"menu_order":7,"comment_status":"closed","ping_status":"closed","template":"","meta":[],"_links":{"self":[{"href":"https:\/\/massotnc.com\/en\/wp-json\/wp\/v2\/pages\/2808"}],"collection":[{"href":"https:\/\/massotnc.com\/en\/wp-json\/wp\/v2\/pages"}],"about":[{"href":"https:\/\/massotnc.com\/en\/wp-json\/wp\/v2\/types\/page"}],"author":[{"embeddable":true,"href":"https:\/\/massotnc.com\/en\/wp-json\/wp\/v2\/users\/7"}],"replies":[{"embeddable":true,"href":"https:\/\/massotnc.com\/en\/wp-json\/wp\/v2\/comments?post=2808"}],"version-history":[{"count":17,"href":"https:\/\/massotnc.com\/en\/wp-json\/wp\/v2\/pages\/2808\/revisions"}],"predecessor-version":[{"id":2839,"href":"https:\/\/massotnc.com\/en\/wp-json\/wp\/v2\/pages\/2808\/revisions\/2839"}],"wp:attachment":[{"href":"https:\/\/massotnc.com\/en\/wp-json\/wp\/v2\/media?parent=2808"}],"curies":[{"name":"wp","href":"https:\/\/api.w.org\/{rel}","templated":true}]}}