






{"id":2242,"date":"2017-02-27T15:18:06","date_gmt":"2017-02-27T14:18:06","guid":{"rendered":"https:\/\/massotnc.com\/?page_id=2242"},"modified":"2023-11-13T15:44:34","modified_gmt":"2023-11-13T14:44:34","slug":"politique-de-confidentialite","status":"publish","type":"page","link":"https:\/\/massotnc.com\/en\/politique-de-confidentialite\/","title":{"rendered":"(Fran\u00e7ais) Politique de confidentialit\u00e9"},"content":{"rendered":"\n<h2 id=\"introduction\"><strong>Introduction<\/strong><\/h2>\n\n\n\n<p>Face \u00e0 l&#8217;\u00e9volution des nouvelles technologies de communication, il est essentiel de mettre un accent particulier sur la pr\u00e9servation de la vie priv\u00e9e. C&#8217;est la raison pour laquelle nous nous engageons \u00e0 garantir la confidentialit\u00e9 des informations personnelles que nous recueillons.<\/p>\n\n\n\n<h2 id=\"consentement-general\"><strong>Consentement<\/strong> <strong>g\u00e9n\u00e9ral<\/strong><\/h2>\n\n\n\n<p>En acc\u00e9dant \u00e0 ce site, vous consentez \u00e0 la collecte, \u00e0 l\u2019utilisation, \u00e0 la communication et \u00e0 la conservation de renseignements personnels selon les conditions d\u00e9crites dans la pr\u00e9sente politique. Si vous ne consentez pas \u00e0 ces termes, veuillez ne pas utiliser le site.<\/p>\n\n\n\n<h2 id=\"renseignements-personnels-collectes\"><strong>Renseignements personnels collect\u00e9s<\/strong><\/h2>\n\n\n\n<p><strong>D\u00e9finition :<\/strong> Tous renseignements pouvant vous identifier directement ou indirectement.<\/p>\n\n\n\n<p>Les renseignements suivants sont collect\u00e9s :<\/p>\n\n\n\n<ul><li>Pr\u00e9nom<\/li><li>Nom de famille<\/li><li>Adresse<\/li><li>Adresse \u00e9lectronique<\/li><li>Num\u00e9ro de t\u00e9l\u00e9phone<\/li><\/ul>\n\n\n\n<p>Les informations personnelles que nous recueillons proviennent de formulaires et r\u00e9sultent de l&#8217;interaction entre vous et notre site web. De plus, nous utilisons des t\u00e9moins de navigation et des journaux pour recueillir des informations vous concernant pour fin de statistiques Web de fr\u00e9quentation.<\/p>\n\n\n\n<p>Les informations personnelles vous concernant restent confidentielles et ne sont transmises \u00e0 aucune tierce partie. Elles peuvent aussi \u00eatre utilis\u00e9es \u00e0 d\u2019autres fins si vous y consentez.<\/p>\n\n\n\n<h2 id=\"formulaires-et-interactivite\"><strong>Formulaires et interactivit\u00e9<\/strong><\/h2>\n\n\n\n<p>Vos renseignements personnels sont collect\u00e9s par le biais du formulaire de contact.<\/p>\n\n\n\n<p>Nous utilisons les renseignements ainsi collect\u00e9s pour les finalit\u00e9s suivantes :<\/p>\n\n\n\n<ul><li>Demandes d\u2019informations<\/li><li>infolettre<\/li><li>Contact client<\/li><li>Prise de rendez-vous<\/li><li>Inscription aux formations<\/li><\/ul>\n\n\n\n<p>Vos renseignements sont \u00e9galement collect\u00e9s par le biais de l\u2019interaction pouvant s\u2019\u00e9tablir entre vous et notre site Web et ce, \u00e0 des fins de correspondance, de statistiques et de contact.<\/p>\n\n\n\n<p>Nous avons recours \u00e0 des outils tels que LearnyBox, Google Analytics, Google Tag Manager, Facebook etc. Ces outils permettent la collecte, l\u2019analyse, la mesure et la pr\u00e9sentation de donn\u00e9es sur les visites effectu\u00e9es, dans le but de comprendre et d\u2019optimiser son utilisation.<\/p>\n\n\n\n<h2 id=\"droit-d-opposition-et-de-retrait\"><strong>Droit d\u2019opposition et de retrait<\/strong><\/h2>\n\n\n\n<p>Nous nous engageons \u00e0 vous offrir un droit d\u2019opposition et de retrait de vos renseignements personnels.<\/p>\n\n\n\n<p>Le droit d\u2019opposition d\u00e9signe la possibilit\u00e9 offerte aux internautes de refuser que leurs renseignements personnels soient utilis\u00e9s \u00e0 certaines fins mentionn\u00e9es lors de la collecte.<\/p>\n\n\n\n<p>Le droit de retrait d\u00e9signe la possibilit\u00e9 pour les internautes de demander que leurs donn\u00e9es personnelles ne soient plus incluses, comme par exemple dans une liste de diffusion.<\/p>\n\n\n\n<p>Vous pouvez exercer ces droits en contactant la personne responsable de la protection des renseignements personnels&nbsp;:<\/p>\n\n\n\n<p>\u00c0 l\u2019attention de St\u00e9phane Delalande, Responsable de la protection des renseignements personnels\u00a0: <a href=\"mailto:delalandestephane@gmail.com\">delalandestephane@gmail.com<\/a><\/p>\n\n\n\n<h2 id=\"droit-d-acces\"><strong>Droit d\u2019acc\u00e8s<\/strong><\/h2>\n\n\n\n<p>Nous nous engageons \u00e0 fournir un droit d\u2019acc\u00e8s et de rectification aux personnes concern\u00e9es souhaitant consulter, modifier ou retirer les informations les concernant.<\/p>\n\n\n\n<p>Vous pouvez exercer ce droit en contactant la personne responsable de la protection des renseignements personnels&nbsp;:<\/p>\n\n\n\n<p>\u00c0 l\u2019attention de St\u00e9phane Delalande, Responsable de la protection des renseignements personnels\u00a0: <a href=\"mailto:delalandestephane@gmail.com\">delalandestephane@gmail.com<\/a><\/p>\n\n\n\n<h2 id=\"securite\"><strong>S\u00e9curit\u00e9<\/strong><\/h2>\n\n\n\n<p>Nous utilisons un environnement s\u00e9curis\u00e9 afin de conserver les renseignements personnels que nous collections. &nbsp;Les personnes travaillant pour nous sont tenues de respecter la confidentialit\u00e9 de vos informations.<\/p>\n\n\n\n<p>Pour assurer la s\u00e9curit\u00e9 de vos renseignements personnels, nous avons recours aux mesures suivantes :<\/p>\n\n\n\n<ul><li>Gestion des acc\u00e8s, identifiants et mot de passe<\/li><li>Chiffrement SSL entre votre appareil et notre service Web<\/li><li>Sauvegarde informatique<\/li><\/ul>\n\n\n\n<p>Nous nous engageons \u00e0 maintenir un haut niveau de confidentialit\u00e9 en int\u00e9grant les derni\u00e8res innovations technologiques.<\/p>\n\n\n\n<p>Malgr\u00e9 tous les m\u00e9canismes de s\u00e9curit\u00e9 en place afin de r\u00e9duire les risques d\u2019atteinte de vos renseignements personnels, nous ne pouvons pas garantir \u00e0 100% que vos renseignements personnels ne puissent subir une atteinte d\u2019int\u00e9grit\u00e9 ou de confidentialit\u00e9.<\/p>\n\n\n\n<p>Si vous avez des raisons de croire que vos renseignements personnels ont \u00e9t\u00e9 compromis en utilisant nos services, veuillez communiquer avec la personne responsable de la protection des renseignements personnels&nbsp;:<\/p>\n\n\n\n<p>\u00c0 l\u2019attention de St\u00e9phane Delalande, Responsable de la protection des renseignements personnels\u00a0: <a href=\"mailto:delalandestephane@gmail.com\">delalandestephane@gmail.com<\/a><\/p>\n\n\n\n<h2 id=\"modification\"><strong>Modification<\/strong><\/h2>\n\n\n\n<p>Nous nous engageons \u00e0 respecter les dispositions l\u00e9gales en vigueur. Nous pouvons apporter p\u00e9riodiquement des modifications au contenu de cette politique, celles-ci prendront effet d\u00e8s leur publication.<\/p>\n\n\n\n<p>Veuillez-vous r\u00e9f\u00e9rer r\u00e9guli\u00e8rement \u00e0 cette page pour consulter la derni\u00e8re version de notre politique en vigueur.<\/p>\n\n\n\n<p><strong>Derni\u00e8re mise \u00e0 jour : 10 novembre 2023<\/strong><\/p>\n","protected":false},"excerpt":{"rendered":"<p><strong>Introduction<\/strong> <\/p>\n<p>Face \u00e0 l&#8217;\u00e9volution des nouvelles technologies de communication, il est essentiel de mettre un accent particulier sur la pr\u00e9servation de la vie priv\u00e9e. C&#8217;est&#8230;<\/p>\n","protected":false},"author":7,"featured_media":0,"parent":0,"menu_order":6,"comment_status":"closed","ping_status":"closed","template":"","meta":[],"_links":{"self":[{"href":"https:\/\/massotnc.com\/en\/wp-json\/wp\/v2\/pages\/2242"}],"collection":[{"href":"https:\/\/massotnc.com\/en\/wp-json\/wp\/v2\/pages"}],"about":[{"href":"https:\/\/massotnc.com\/en\/wp-json\/wp\/v2\/types\/page"}],"author":[{"embeddable":true,"href":"https:\/\/massotnc.com\/en\/wp-json\/wp\/v2\/users\/7"}],"replies":[{"embeddable":true,"href":"https:\/\/massotnc.com\/en\/wp-json\/wp\/v2\/comments?post=2242"}],"version-history":[{"count":3,"href":"https:\/\/massotnc.com\/en\/wp-json\/wp\/v2\/pages\/2242\/revisions"}],"predecessor-version":[{"id":4124,"href":"https:\/\/massotnc.com\/en\/wp-json\/wp\/v2\/pages\/2242\/revisions\/4124"}],"wp:attachment":[{"href":"https:\/\/massotnc.com\/en\/wp-json\/wp\/v2\/media?parent=2242"}],"curies":[{"name":"wp","href":"https:\/\/api.w.org\/{rel}","templated":true}]}}