






{"id":1379,"date":"2016-01-29T02:02:41","date_gmt":"2016-01-29T01:02:41","guid":{"rendered":"https:\/\/massotnc.com\/?page_id=1379"},"modified":"2019-03-21T07:52:49","modified_gmt":"2019-03-21T06:52:49","slug":"un-medecin-temoigne-2","status":"publish","type":"page","link":"https:\/\/massotnc.com\/en\/un-medecin-temoigne-2\/","title":{"rendered":"Un m\u00e9decin t\u00e9moigne"},"content":{"rendered":"<p><\/p>\n<h4><img loading=\"lazy\" class=\"alignnone wp-image-1474 alignright\" src=\"https:\/\/massotnc.com\/wp-content\/uploads\/2016\/01\/AdobeStock_53535208-200x200.jpg\" alt=\"technique neuro-cutan\u00e9e\" width=\"344\" height=\"344\" \/>Un m\u00e9decin t\u00e9moigne<\/h4>\n<p>Passionn\u00e9 du soin au sens large, j&#8217;ai d&#8217;abord fait des \u00e9tudes en m\u00e9decine classique, et ai ensuite explor\u00e9 diff\u00e9rentes approches en soins manuels.<\/p>\n<p>J&#8217;ai \u00e9tudi\u00e9 plusieurs techniques dont celles se rapportant au crochetage musculaire et celles de la peau, les plus connues \u00e9tant le Niromath\u00e9 et la TNC.<\/p>\n<p>J&#8217;aimerais ici t\u00e9moigner de mon exp\u00e9rience avec la formation TNC.<\/p>\n<p>D&#8217;abord, et pour situer le contexte du travail sur la peau: Niromath\u00e9 et TNC travaillent toutes deux sur la peau (comme d&#8217;autres d&#8217;ailleurs) et utilisent, l&#8217;une et l&#8217;autre, le &#8220;stretch cutan\u00e9&#8221;. Mais ceci en r\u00e9sume leur similarit\u00e9. Car ces deux approches sont d\u00e9finitivement diff\u00e9rentes.<\/p>\n<p><strong>J&#8217;ai choisi de suivre la formation TNC parce que je souhaitais une approche incluant une \u00e9coute cutan\u00e9e permettant de savoir o\u00f9 donner le geste correcteur, pour savoir comment l&#8217;orienter correctement en fonction du besoin du corps et du sens de la fili\u00e8re de traitement et non pas simplement des sch\u00e9mas protocolaires qui ne respectent pas toujours les ressources du corps.<\/strong><\/p>\n<p>Avec la TNC, la peau n&#8217;est donc pas uniquement un moyen de traitement, mais aussi de bilan et d&#8217;\u00e9coute des besoins et limites du corps.<\/p>\n<p>J&#8217;ai aussi trouv\u00e9 un champ de traitements beaucoup plus large incluant par exemple tout le domaine visc\u00e9rale ainsi que le domaine \u00e9nerg\u00e9tique des points d&#8217;acupuncture de la m\u00e9decine chinoise; savoir rep\u00e9rer les points demandeurs et les traiter sans aiguille par un geste cutan\u00e9 pr\u00e9cis, ainsi que des m\u00e9thodes de d\u00e9blocages articulaires d&#8217;une grande efficacit\u00e9. <strong>J&#8217;ai eu des r\u00e9sultats l\u00e0 o\u00f9 des ost\u00e9opathes exp\u00e9riment\u00e9s avaient \u00e9chou\u00e9.<\/strong><\/p>\n<p>Mais l&#8217;avantage que j&#8217;ai trouv\u00e9 dans l&#8217;apprentissage de la TNC est de reconnaitre des signaux cutan\u00e9s pour localiser pr\u00e9cis\u00e9ment le point th\u00e9rapeutique qui n&#8217;agira que sur les tensions primaires \u00e0 l&#8217;origine du blocage, que celui-ci soit d&#8217;origine articulaire et osseuse, ou visc\u00e9rale ou \u00e9nerg\u00e9tique ou tendino-musculaire ligamentaire ou les fascias.<\/p>\n<p>Ma pratique personnelle de Niromath\u00e9 \u00e9tait essentiellement fascias et muscle, j&#8217;ai plus conscience de l&#8217;action profonde et du niveau sur lequel je travaille avec la TNC et surtout je respecte plus les besoins du corps avec les zones d&#8217;appel et reconnaitre les zones perturb\u00e9es qui ne demandent pas de soins pour cette s\u00e9ance de ce jour.<\/p>\n<p>Donc ma main qui avait appris le geste th\u00e9rapeutique de Niromath\u00e9 a appris avec la TNC \u00e0 m&#8217;adapter aux besoins du corps, \u00e0 l&#8217;action compl\u00e9mentaire synergique des deux mains, ainsi qu&#8217;une s\u00e9rie d&#8217;outils sp\u00e9cifiques unique \u00e0 la TNC \u00e0 ma connaissance.<\/p>\n<p>J&#8217;ai vraiment le sentiment d&#8217;avoir \u00e9t\u00e9 beaucoup plus loin avec la TNC sur le plan du bilan par une &#8220;lecture&#8221; cutan\u00e9e, et de l&#8217;efficacit\u00e9 th\u00e9rapeutique.<\/p>\n<p>Dr D. R. Md, France.<\/p>","protected":false},"excerpt":{"rendered":"<\/p>\n<p> <img loading=\"lazy\" class=\"alignnone wp-image-1474 alignright\" src=\"https:\/\/massotnc.com\/wp-content\/uploads\/2016\/01\/AdobeStock_53535208-200x200.jpg\" alt=\"technique neuro-cutan\u00e9e\" width=\"344\" height=\"344\" \/>Un m\u00e9decin t\u00e9moigne <\/p>\n<p>Passionn\u00e9 du soin au sens large, j&#8217;ai d&#8217;abord fait des \u00e9tudes&#8230;<\/p>\n","protected":false},"author":2,"featured_media":0,"parent":0,"menu_order":20,"comment_status":"closed","ping_status":"closed","template":"","meta":[],"_links":{"self":[{"href":"https:\/\/massotnc.com\/en\/wp-json\/wp\/v2\/pages\/1379"}],"collection":[{"href":"https:\/\/massotnc.com\/en\/wp-json\/wp\/v2\/pages"}],"about":[{"href":"https:\/\/massotnc.com\/en\/wp-json\/wp\/v2\/types\/page"}],"author":[{"embeddable":true,"href":"https:\/\/massotnc.com\/en\/wp-json\/wp\/v2\/users\/2"}],"replies":[{"embeddable":true,"href":"https:\/\/massotnc.com\/en\/wp-json\/wp\/v2\/comments?post=1379"}],"version-history":[{"count":8,"href":"https:\/\/massotnc.com\/en\/wp-json\/wp\/v2\/pages\/1379\/revisions"}],"predecessor-version":[{"id":3558,"href":"https:\/\/massotnc.com\/en\/wp-json\/wp\/v2\/pages\/1379\/revisions\/3558"}],"wp:attachment":[{"href":"https:\/\/massotnc.com\/en\/wp-json\/wp\/v2\/media?parent=1379"}],"curies":[{"name":"wp","href":"https:\/\/api.w.org\/{rel}","templated":true}]}}