






{"id":1203,"date":"2016-01-18T19:13:57","date_gmt":"2016-01-18T18:13:57","guid":{"rendered":"https:\/\/massotnc.com\/?page_id=1203"},"modified":"2019-03-21T07:52:49","modified_gmt":"2019-03-21T06:52:49","slug":"perfectionnements","status":"publish","type":"page","link":"https:\/\/massotnc.com\/en\/perfectionnements\/","title":{"rendered":"Perfectionnements"},"content":{"rendered":"<p><\/p>\n<div class=\"page\" title=\"Page 1\">\n<div class=\"section\">\n<div class=\"layoutArea\">\n<div class=\"column\">\n<p><img loading=\"lazy\" class=\"alignleft size-large wp-image-1204\" src=\"https:\/\/massotnc.com\/wp-content\/uploads\/2016\/01\/perfectionnement-1024x362.jpg\" alt=\"formation ost\u00e9opathie\" width=\"1024\" height=\"362\" srcset=\"https:\/\/massotnc.com\/wp-content\/uploads\/2016\/01\/perfectionnement-1024x362.jpg 1024w, https:\/\/massotnc.com\/wp-content\/uploads\/2016\/01\/perfectionnement-300x106.jpg 300w, https:\/\/massotnc.com\/wp-content\/uploads\/2016\/01\/perfectionnement.jpg 1275w\" sizes=\"(max-width: 1024px) 100vw, 1024px\" \/><\/p>\n<p><strong>CROCHETAGE DES GAINES NEURO-APONEVROTIQUES<\/strong><\/p>\n<p>BUT:<\/p>\n<p>&#8211; \u00a0Corriger les racines qui entretiennent les contractures musculaires tenaces.<\/p>\n<p>&#8211; \u00a0Ajouter une technique efficace et les connaissances pour lib\u00e9rer les grands barrages\u00a0neuro-vasculaires reli\u00e9s directement \u00e0 l\u2019\u00e9quilibre musculaire.<\/p>\n<p>&#8211; \u00a0Comprendre que le crochetage des gaines neuro-apon\u00e9vrotiques (GNA) est une technique propre \u00e0 la TNC et est diff\u00e9rente des autres techniques de crochetages utilis\u00e9es dans d\u2019autres approches. Pendant le cours, nous \u00e9tudierons leurs diff\u00e9rences et leurs modes d\u2019applications.<\/p>\n<p>&#8211; \u00a0Le crochetage (GNA) que nous utilisons en TNC s\u2019adresse \u00e0 des neuro-spasmes qui ne se corrigent pas avec des techniques de massoth\u00e9rapie classiques. C\u2019est un autre syst\u00e8me !<\/p>\n<p>&#8211; \u00a0Savoir interpr\u00e9ter les signaux de la peau pour comprendre o\u00f9 et quand appliquer les techniques de crochetage.<\/p>\n<p>&#8211; \u00a0Comprendre les interrelations entre les faisceaux musculaires, les passages neuro-vasculaires et les trajets \u00e9nerg\u00e9tiques (m\u00e9ridiens et points cutan\u00e9s chinois). Un crochetage diff\u00e9rent pour chacun selon l\u2019origine du d\u00e9s\u00e9quilibre.<\/p>\n<p>\u00abComprendre et savoir agir sur les zones tissulaires prioritaires que r\u00e9clament les besoins du corps favorise moins de corrections pour plus d\u2019efficacit\u00e9!\u00bb SD<\/p>\n<p>Places limit\u00e9es.<\/p>\n<hr \/>\n<p><strong>Centre St-Pierre<\/strong><\/p>\n<p>1212, rue Panet, Montr\u00e9al (QC).<\/p>\n<p>20, 21 f\u00e9vrier 2016<\/p>\n<p>CO\u00dbT : 499,00$ + taxes<\/p>\n<p>INSCRIPTION (acompte non-remboursable) : 150,00$ <strong>COMPLET<\/strong><\/p>\n<p>&nbsp;<\/p>\n<\/div>\n<\/div>\n<\/div>\n<\/div>\n<p>&nbsp;<\/p>\n<p>&nbsp;<\/p>\n<p>&nbsp;<\/p>\n<p>&nbsp;<\/p>","protected":false},"excerpt":{"rendered":"<\/p>\n<p><img loading=\"lazy\" class=\"alignleft size-large wp-image-1204\" src=\"https:\/\/massotnc.com\/wp-content\/uploads\/2016\/01\/perfectionnement-1024x362.jpg\" alt=\"formation ost\u00e9opathie\" width=\"1024\" height=\"362\" srcset=\"https:\/\/massotnc.com\/wp-content\/uploads\/2016\/01\/perfectionnement-1024x362.jpg 1024w, https:\/\/massotnc.com\/wp-content\/uploads\/2016\/01\/perfectionnement-300x106.jpg 300w, https:\/\/massotnc.com\/wp-content\/uploads\/2016\/01\/perfectionnement.jpg 1275w\" sizes=\"(max-width: 1024px) 100vw, 1024px\" \/><\/p>\n<p><strong>CROCHETAGE DES GAINES&#8230;<\/p>\n","protected":false},"author":2,"featured_media":0,"parent":0,"menu_order":19,"comment_status":"closed","ping_status":"closed","template":"","meta":[],"_links":{"self":[{"href":"https:\/\/massotnc.com\/en\/wp-json\/wp\/v2\/pages\/1203"}],"collection":[{"href":"https:\/\/massotnc.com\/en\/wp-json\/wp\/v2\/pages"}],"about":[{"href":"https:\/\/massotnc.com\/en\/wp-json\/wp\/v2\/types\/page"}],"author":[{"embeddable":true,"href":"https:\/\/massotnc.com\/en\/wp-json\/wp\/v2\/users\/2"}],"replies":[{"embeddable":true,"href":"https:\/\/massotnc.com\/en\/wp-json\/wp\/v2\/comments?post=1203"}],"version-history":[{"count":41,"href":"https:\/\/massotnc.com\/en\/wp-json\/wp\/v2\/pages\/1203\/revisions"}],"predecessor-version":[{"id":3424,"href":"https:\/\/massotnc.com\/en\/wp-json\/wp\/v2\/pages\/1203\/revisions\/3424"}],"wp:attachment":[{"href":"https:\/\/massotnc.com\/en\/wp-json\/wp\/v2\/media?parent=1203"}],"curies":[{"name":"wp","href":"https:\/\/api.w.org\/{rel}","templated":true}]}}